{"id":2135,"date":"2022-03-07T14:24:58","date_gmt":"2022-03-07T13:24:58","guid":{"rendered":"https:\/\/www.alascom.it\/ict\/usluge\/"},"modified":"2022-03-07T14:24:58","modified_gmt":"2022-03-07T13:24:58","slug":"usluge","status":"publish","type":"page","link":"https:\/\/www.alascom.it\/sr\/ict\/usluge\/","title":{"rendered":"Usluge"},"content":{"rendered":"","protected":false},"excerpt":{"rendered":"<p>Pru\u017eanje poslovnih usluga u outsorcing-u i u re\u017eimu operativne podr\u0161ke predstavlja klju\u010dnu ponudu osnovnog poslovanja Alascom-a.<\/p>\n","protected":false},"author":1,"featured_media":1876,"parent":2093,"menu_order":5,"comment_status":"closed","ping_status":"closed","template":"sottopagina.php","meta":{"_acf_changed":false,"footnotes":""},"class_list":["post-2135","page","type-page","status-publish","has-post-thumbnail","hentry"],"acf":[],"yoast_head":"<!-- This site is optimized with the Yoast SEO plugin v27.4 - https:\/\/yoast.com\/product\/yoast-seo-wordpress\/ -->\n<title>Usluge - Alascom<\/title>\n<meta name=\"robots\" content=\"index, follow, max-snippet:-1, max-image-preview:large, max-video-preview:-1\" \/>\n<link rel=\"canonical\" href=\"https:\/\/www.alascom.it\/ict\/usluge\/\" \/>\n<meta property=\"og:locale\" content=\"sr_RS\" \/>\n<meta property=\"og:type\" content=\"article\" \/>\n<meta property=\"og:title\" content=\"Usluge - Alascom\" \/>\n<meta property=\"og:description\" content=\"Pru\u017eanje poslovnih usluga u outsorcing-u i u re\u017eimu operativne podr\u0161ke predstavlja klju\u010dnu ponudu osnovnog poslovanja Alascom-a.\" \/>\n<meta property=\"og:url\" content=\"https:\/\/www.alascom.it\/ict\/usluge\/\" \/>\n<meta property=\"og:site_name\" content=\"Alascom\" \/>\n<meta name=\"twitter:card\" content=\"summary_large_image\" \/>\n<script type=\"application\/ld+json\" class=\"yoast-schema-graph\">{\"@context\":\"https:\\\/\\\/schema.org\",\"@graph\":[{\"@type\":\"WebPage\",\"@id\":\"https:\\\/\\\/www.alascom.it\\\/ict\\\/usluge\\\/\",\"url\":\"https:\\\/\\\/www.alascom.it\\\/ict\\\/usluge\\\/\",\"name\":\"Usluge - Alascom\",\"isPartOf\":{\"@id\":\"https:\\\/\\\/www.alascom.it\\\/#website\"},\"primaryImageOfPage\":{\"@id\":\"https:\\\/\\\/www.alascom.it\\\/ict\\\/usluge\\\/#primaryimage\"},\"image\":{\"@id\":\"https:\\\/\\\/www.alascom.it\\\/ict\\\/usluge\\\/#primaryimage\"},\"thumbnailUrl\":\"https:\\\/\\\/www.alascom.it\\\/wp-content\\\/uploads\\\/2022\\\/03\\\/servizi.png\",\"datePublished\":\"2022-03-07T13:24:58+00:00\",\"breadcrumb\":{\"@id\":\"https:\\\/\\\/www.alascom.it\\\/ict\\\/usluge\\\/#breadcrumb\"},\"inLanguage\":\"sr-RS\",\"potentialAction\":[{\"@type\":\"ReadAction\",\"target\":[\"https:\\\/\\\/www.alascom.it\\\/ict\\\/usluge\\\/\"]}]},{\"@type\":\"ImageObject\",\"inLanguage\":\"sr-RS\",\"@id\":\"https:\\\/\\\/www.alascom.it\\\/ict\\\/usluge\\\/#primaryimage\",\"url\":\"https:\\\/\\\/www.alascom.it\\\/wp-content\\\/uploads\\\/2022\\\/03\\\/servizi.png\",\"contentUrl\":\"https:\\\/\\\/www.alascom.it\\\/wp-content\\\/uploads\\\/2022\\\/03\\\/servizi.png\",\"width\":459,\"height\":246},{\"@type\":\"BreadcrumbList\",\"@id\":\"https:\\\/\\\/www.alascom.it\\\/ict\\\/usluge\\\/#breadcrumb\",\"itemListElement\":[{\"@type\":\"ListItem\",\"position\":1,\"name\":\"Home\",\"item\":\"https:\\\/\\\/www.alascom.it\\\/\"},{\"@type\":\"ListItem\",\"position\":2,\"name\":\"ICT\",\"item\":\"https:\\\/\\\/www.alascom.it\\\/ict\\\/\"},{\"@type\":\"ListItem\",\"position\":3,\"name\":\"Usluge\"}]},{\"@type\":\"WebSite\",\"@id\":\"https:\\\/\\\/www.alascom.it\\\/#website\",\"url\":\"https:\\\/\\\/www.alascom.it\\\/\",\"name\":\"Alascom\",\"description\":\"\",\"potentialAction\":[{\"@type\":\"SearchAction\",\"target\":{\"@type\":\"EntryPoint\",\"urlTemplate\":\"https:\\\/\\\/www.alascom.it\\\/?s={search_term_string}\"},\"query-input\":{\"@type\":\"PropertyValueSpecification\",\"valueRequired\":true,\"valueName\":\"search_term_string\"}}],\"inLanguage\":\"sr-RS\"}]}<\/script>\n<!-- \/ Yoast SEO plugin. -->","yoast_head_json":{"title":"Usluge - Alascom","robots":{"index":"index","follow":"follow","max-snippet":"max-snippet:-1","max-image-preview":"max-image-preview:large","max-video-preview":"max-video-preview:-1"},"canonical":"https:\/\/www.alascom.it\/ict\/usluge\/","og_locale":"sr_RS","og_type":"article","og_title":"Usluge - Alascom","og_description":"Pru\u017eanje poslovnih usluga u outsorcing-u i u re\u017eimu operativne podr\u0161ke predstavlja klju\u010dnu ponudu osnovnog poslovanja Alascom-a.","og_url":"https:\/\/www.alascom.it\/ict\/usluge\/","og_site_name":"Alascom","twitter_card":"summary_large_image","schema":{"@context":"https:\/\/schema.org","@graph":[{"@type":"WebPage","@id":"https:\/\/www.alascom.it\/ict\/usluge\/","url":"https:\/\/www.alascom.it\/ict\/usluge\/","name":"Usluge - Alascom","isPartOf":{"@id":"https:\/\/www.alascom.it\/#website"},"primaryImageOfPage":{"@id":"https:\/\/www.alascom.it\/ict\/usluge\/#primaryimage"},"image":{"@id":"https:\/\/www.alascom.it\/ict\/usluge\/#primaryimage"},"thumbnailUrl":"https:\/\/www.alascom.it\/wp-content\/uploads\/2022\/03\/servizi.png","datePublished":"2022-03-07T13:24:58+00:00","breadcrumb":{"@id":"https:\/\/www.alascom.it\/ict\/usluge\/#breadcrumb"},"inLanguage":"sr-RS","potentialAction":[{"@type":"ReadAction","target":["https:\/\/www.alascom.it\/ict\/usluge\/"]}]},{"@type":"ImageObject","inLanguage":"sr-RS","@id":"https:\/\/www.alascom.it\/ict\/usluge\/#primaryimage","url":"https:\/\/www.alascom.it\/wp-content\/uploads\/2022\/03\/servizi.png","contentUrl":"https:\/\/www.alascom.it\/wp-content\/uploads\/2022\/03\/servizi.png","width":459,"height":246},{"@type":"BreadcrumbList","@id":"https:\/\/www.alascom.it\/ict\/usluge\/#breadcrumb","itemListElement":[{"@type":"ListItem","position":1,"name":"Home","item":"https:\/\/www.alascom.it\/"},{"@type":"ListItem","position":2,"name":"ICT","item":"https:\/\/www.alascom.it\/ict\/"},{"@type":"ListItem","position":3,"name":"Usluge"}]},{"@type":"WebSite","@id":"https:\/\/www.alascom.it\/#website","url":"https:\/\/www.alascom.it\/","name":"Alascom","description":"","potentialAction":[{"@type":"SearchAction","target":{"@type":"EntryPoint","urlTemplate":"https:\/\/www.alascom.it\/?s={search_term_string}"},"query-input":{"@type":"PropertyValueSpecification","valueRequired":true,"valueName":"search_term_string"}}],"inLanguage":"sr-RS"}]}},"_links":{"self":[{"href":"https:\/\/www.alascom.it\/sr\/wp-json\/wp\/v2\/pages\/2135","targetHints":{"allow":["GET"]}}],"collection":[{"href":"https:\/\/www.alascom.it\/sr\/wp-json\/wp\/v2\/pages"}],"about":[{"href":"https:\/\/www.alascom.it\/sr\/wp-json\/wp\/v2\/types\/page"}],"author":[{"embeddable":true,"href":"https:\/\/www.alascom.it\/sr\/wp-json\/wp\/v2\/users\/1"}],"replies":[{"embeddable":true,"href":"https:\/\/www.alascom.it\/sr\/wp-json\/wp\/v2\/comments?post=2135"}],"version-history":[{"count":0,"href":"https:\/\/www.alascom.it\/sr\/wp-json\/wp\/v2\/pages\/2135\/revisions"}],"up":[{"embeddable":true,"href":"https:\/\/www.alascom.it\/sr\/wp-json\/wp\/v2\/pages\/2093"}],"wp:featuredmedia":[{"embeddable":true,"href":"https:\/\/www.alascom.it\/sr\/wp-json\/wp\/v2\/media\/1876"}],"wp:attachment":[{"href":"https:\/\/www.alascom.it\/sr\/wp-json\/wp\/v2\/media?parent=2135"}],"curies":[{"name":"wp","href":"https:\/\/api.w.org\/{rel}","templated":true}]}}