{"id":2085,"date":"2022-03-07T10:25:24","date_gmt":"2022-03-07T09:25:24","guid":{"rendered":"https:\/\/www.alascom.it\/automatizacija\/svet-plastike\/"},"modified":"2023-05-24T23:49:46","modified_gmt":"2023-05-24T21:49:46","slug":"svet-plastike","status":"publish","type":"page","link":"https:\/\/www.alascom.it\/sr\/automatizacija\/svet-plastike\/","title":{"rendered":"Svet plastike"},"content":{"rendered":"","protected":false},"excerpt":{"rendered":"<p>Alascom koristi svoje iskustvo koje proizilazi iz precizne tehnologije koje po\u010diva na ma\u0161inama alatima i ma\u0161inama za savijanje koje treba primeniti na ubrizgavanju i ekstruziji. Rezultat je maksimalna preciznost kretanja i izuzetno optimizovano vreme ciklusa za koli\u010dinsku proizvodnju visokokvalitetnih komponenti sa maksimalnom ponovljivo\u0161\u0107u\u2026<\/p>\n","protected":false},"author":1,"featured_media":1839,"parent":2079,"menu_order":4,"comment_status":"closed","ping_status":"closed","template":"sottopagina.php","meta":{"_acf_changed":false,"footnotes":""},"class_list":["post-2085","page","type-page","status-publish","has-post-thumbnail","hentry"],"acf":[],"yoast_head":"<!-- This site is optimized with the Yoast SEO plugin v27.5 - https:\/\/yoast.com\/product\/yoast-seo-wordpress\/ -->\n<title>Svet plastike - Alascom<\/title>\n<meta name=\"robots\" content=\"index, follow, max-snippet:-1, max-image-preview:large, max-video-preview:-1\" \/>\n<link rel=\"canonical\" href=\"https:\/\/www.alascom.it\/sr\/automatizacija\/svet-plastike\/\" \/>\n<meta property=\"og:locale\" content=\"sr_RS\" \/>\n<meta property=\"og:type\" content=\"article\" \/>\n<meta property=\"og:title\" content=\"Svet plastike - Alascom\" \/>\n<meta property=\"og:description\" content=\"Alascom koristi svoje iskustvo koje proizilazi iz precizne tehnologije koje po\u010diva na ma\u0161inama alatima i ma\u0161inama za savijanje koje treba primeniti na ubrizgavanju i ekstruziji. Rezultat je maksimalna preciznost kretanja i izuzetno optimizovano vreme ciklusa za koli\u010dinsku proizvodnju visokokvalitetnih komponenti sa maksimalnom ponovljivo\u0161\u0107u\u2026\" \/>\n<meta property=\"og:url\" content=\"https:\/\/www.alascom.it\/sr\/automatizacija\/svet-plastike\/\" \/>\n<meta property=\"og:site_name\" content=\"Alascom\" \/>\n<meta property=\"article:modified_time\" content=\"2023-05-24T21:49:46+00:00\" \/>\n<meta property=\"og:image\" content=\"https:\/\/www.alascom.it\/wp-content\/uploads\/2022\/03\/Alascom_plastico2-1.jpg\" \/>\n\t<meta property=\"og:image:width\" content=\"930\" \/>\n\t<meta property=\"og:image:height\" content=\"431\" \/>\n\t<meta property=\"og:image:type\" content=\"image\/jpeg\" \/>\n<meta name=\"twitter:card\" content=\"summary_large_image\" \/>\n<script type=\"application\/ld+json\" class=\"yoast-schema-graph\">{\"@context\":\"https:\\\/\\\/schema.org\",\"@graph\":[{\"@type\":\"WebPage\",\"@id\":\"https:\\\/\\\/www.alascom.it\\\/sr\\\/automatizacija\\\/svet-plastike\\\/\",\"url\":\"https:\\\/\\\/www.alascom.it\\\/sr\\\/automatizacija\\\/svet-plastike\\\/\",\"name\":\"Svet plastike - Alascom\",\"isPartOf\":{\"@id\":\"https:\\\/\\\/www.alascom.it\\\/#website\"},\"primaryImageOfPage\":{\"@id\":\"https:\\\/\\\/www.alascom.it\\\/sr\\\/automatizacija\\\/svet-plastike\\\/#primaryimage\"},\"image\":{\"@id\":\"https:\\\/\\\/www.alascom.it\\\/sr\\\/automatizacija\\\/svet-plastike\\\/#primaryimage\"},\"thumbnailUrl\":\"https:\\\/\\\/www.alascom.it\\\/wp-content\\\/uploads\\\/2022\\\/03\\\/Alascom_plastico2-1.jpg\",\"datePublished\":\"2022-03-07T09:25:24+00:00\",\"dateModified\":\"2023-05-24T21:49:46+00:00\",\"breadcrumb\":{\"@id\":\"https:\\\/\\\/www.alascom.it\\\/sr\\\/automatizacija\\\/svet-plastike\\\/#breadcrumb\"},\"inLanguage\":\"sr-RS\",\"potentialAction\":[{\"@type\":\"ReadAction\",\"target\":[\"https:\\\/\\\/www.alascom.it\\\/sr\\\/automatizacija\\\/svet-plastike\\\/\"]}]},{\"@type\":\"ImageObject\",\"inLanguage\":\"sr-RS\",\"@id\":\"https:\\\/\\\/www.alascom.it\\\/sr\\\/automatizacija\\\/svet-plastike\\\/#primaryimage\",\"url\":\"https:\\\/\\\/www.alascom.it\\\/wp-content\\\/uploads\\\/2022\\\/03\\\/Alascom_plastico2-1.jpg\",\"contentUrl\":\"https:\\\/\\\/www.alascom.it\\\/wp-content\\\/uploads\\\/2022\\\/03\\\/Alascom_plastico2-1.jpg\",\"width\":930,\"height\":431},{\"@type\":\"BreadcrumbList\",\"@id\":\"https:\\\/\\\/www.alascom.it\\\/sr\\\/automatizacija\\\/svet-plastike\\\/#breadcrumb\",\"itemListElement\":[{\"@type\":\"ListItem\",\"position\":1,\"name\":\"Home\",\"item\":\"https:\\\/\\\/www.alascom.it\\\/\"},{\"@type\":\"ListItem\",\"position\":2,\"name\":\"Automatizacija\",\"item\":\"https:\\\/\\\/www.alascom.it\\\/sr\\\/automatizacija\\\/\"},{\"@type\":\"ListItem\",\"position\":3,\"name\":\"Svet plastike\"}]},{\"@type\":\"WebSite\",\"@id\":\"https:\\\/\\\/www.alascom.it\\\/#website\",\"url\":\"https:\\\/\\\/www.alascom.it\\\/\",\"name\":\"Alascom\",\"description\":\"\",\"potentialAction\":[{\"@type\":\"SearchAction\",\"target\":{\"@type\":\"EntryPoint\",\"urlTemplate\":\"https:\\\/\\\/www.alascom.it\\\/?s={search_term_string}\"},\"query-input\":{\"@type\":\"PropertyValueSpecification\",\"valueRequired\":true,\"valueName\":\"search_term_string\"}}],\"inLanguage\":\"sr-RS\"}]}<\/script>\n<!-- \/ Yoast SEO plugin. -->","yoast_head_json":{"title":"Svet plastike - Alascom","robots":{"index":"index","follow":"follow","max-snippet":"max-snippet:-1","max-image-preview":"max-image-preview:large","max-video-preview":"max-video-preview:-1"},"canonical":"https:\/\/www.alascom.it\/sr\/automatizacija\/svet-plastike\/","og_locale":"sr_RS","og_type":"article","og_title":"Svet plastike - Alascom","og_description":"Alascom koristi svoje iskustvo koje proizilazi iz precizne tehnologije koje po\u010diva na ma\u0161inama alatima i ma\u0161inama za savijanje koje treba primeniti na ubrizgavanju i ekstruziji. Rezultat je maksimalna preciznost kretanja i izuzetno optimizovano vreme ciklusa za koli\u010dinsku proizvodnju visokokvalitetnih komponenti sa maksimalnom ponovljivo\u0161\u0107u\u2026","og_url":"https:\/\/www.alascom.it\/sr\/automatizacija\/svet-plastike\/","og_site_name":"Alascom","article_modified_time":"2023-05-24T21:49:46+00:00","og_image":[{"width":930,"height":431,"url":"https:\/\/www.alascom.it\/wp-content\/uploads\/2022\/03\/Alascom_plastico2-1.jpg","type":"image\/jpeg"}],"twitter_card":"summary_large_image","schema":{"@context":"https:\/\/schema.org","@graph":[{"@type":"WebPage","@id":"https:\/\/www.alascom.it\/sr\/automatizacija\/svet-plastike\/","url":"https:\/\/www.alascom.it\/sr\/automatizacija\/svet-plastike\/","name":"Svet plastike - Alascom","isPartOf":{"@id":"https:\/\/www.alascom.it\/#website"},"primaryImageOfPage":{"@id":"https:\/\/www.alascom.it\/sr\/automatizacija\/svet-plastike\/#primaryimage"},"image":{"@id":"https:\/\/www.alascom.it\/sr\/automatizacija\/svet-plastike\/#primaryimage"},"thumbnailUrl":"https:\/\/www.alascom.it\/wp-content\/uploads\/2022\/03\/Alascom_plastico2-1.jpg","datePublished":"2022-03-07T09:25:24+00:00","dateModified":"2023-05-24T21:49:46+00:00","breadcrumb":{"@id":"https:\/\/www.alascom.it\/sr\/automatizacija\/svet-plastike\/#breadcrumb"},"inLanguage":"sr-RS","potentialAction":[{"@type":"ReadAction","target":["https:\/\/www.alascom.it\/sr\/automatizacija\/svet-plastike\/"]}]},{"@type":"ImageObject","inLanguage":"sr-RS","@id":"https:\/\/www.alascom.it\/sr\/automatizacija\/svet-plastike\/#primaryimage","url":"https:\/\/www.alascom.it\/wp-content\/uploads\/2022\/03\/Alascom_plastico2-1.jpg","contentUrl":"https:\/\/www.alascom.it\/wp-content\/uploads\/2022\/03\/Alascom_plastico2-1.jpg","width":930,"height":431},{"@type":"BreadcrumbList","@id":"https:\/\/www.alascom.it\/sr\/automatizacija\/svet-plastike\/#breadcrumb","itemListElement":[{"@type":"ListItem","position":1,"name":"Home","item":"https:\/\/www.alascom.it\/"},{"@type":"ListItem","position":2,"name":"Automatizacija","item":"https:\/\/www.alascom.it\/sr\/automatizacija\/"},{"@type":"ListItem","position":3,"name":"Svet plastike"}]},{"@type":"WebSite","@id":"https:\/\/www.alascom.it\/#website","url":"https:\/\/www.alascom.it\/","name":"Alascom","description":"","potentialAction":[{"@type":"SearchAction","target":{"@type":"EntryPoint","urlTemplate":"https:\/\/www.alascom.it\/?s={search_term_string}"},"query-input":{"@type":"PropertyValueSpecification","valueRequired":true,"valueName":"search_term_string"}}],"inLanguage":"sr-RS"}]}},"_links":{"self":[{"href":"https:\/\/www.alascom.it\/sr\/wp-json\/wp\/v2\/pages\/2085","targetHints":{"allow":["GET"]}}],"collection":[{"href":"https:\/\/www.alascom.it\/sr\/wp-json\/wp\/v2\/pages"}],"about":[{"href":"https:\/\/www.alascom.it\/sr\/wp-json\/wp\/v2\/types\/page"}],"author":[{"embeddable":true,"href":"https:\/\/www.alascom.it\/sr\/wp-json\/wp\/v2\/users\/1"}],"replies":[{"embeddable":true,"href":"https:\/\/www.alascom.it\/sr\/wp-json\/wp\/v2\/comments?post=2085"}],"version-history":[{"count":1,"href":"https:\/\/www.alascom.it\/sr\/wp-json\/wp\/v2\/pages\/2085\/revisions"}],"predecessor-version":[{"id":2106,"href":"https:\/\/www.alascom.it\/sr\/wp-json\/wp\/v2\/pages\/2085\/revisions\/2106"}],"up":[{"embeddable":true,"href":"https:\/\/www.alascom.it\/sr\/wp-json\/wp\/v2\/pages\/2079"}],"wp:featuredmedia":[{"embeddable":true,"href":"https:\/\/www.alascom.it\/sr\/wp-json\/wp\/v2\/media\/1839"}],"wp:attachment":[{"href":"https:\/\/www.alascom.it\/sr\/wp-json\/wp\/v2\/media?parent=2085"}],"curies":[{"name":"wp","href":"https:\/\/api.w.org\/{rel}","templated":true}]}}