{"id":2075,"date":"2022-03-07T11:13:23","date_gmt":"2022-03-07T10:13:23","guid":{"rendered":"https:\/\/www.alascom.it\/inovacija\/ar-vr\/"},"modified":"2022-03-07T11:13:23","modified_gmt":"2022-03-07T10:13:23","slug":"ar-vr","status":"publish","type":"page","link":"https:\/\/www.alascom.it\/sr\/inovacija\/ar-vr\/","title":{"rendered":"AR\/VR"},"content":{"rendered":"","protected":false},"excerpt":{"rendered":"<p>Moramo naglasiti da se pro\u0161irena stvarnost razlikuje od ve\u0107 poznate virtuelne realnosti (VR) zato \u0161to ova druga stvara 3D\u2026<\/p>\n","protected":false},"author":1,"featured_media":1869,"parent":2069,"menu_order":3,"comment_status":"closed","ping_status":"closed","template":"sottopagina.php","meta":{"_acf_changed":false,"footnotes":""},"class_list":["post-2075","page","type-page","status-publish","has-post-thumbnail","hentry"],"acf":[],"yoast_head":"<!-- This site is optimized with the Yoast SEO plugin v27.4 - https:\/\/yoast.com\/product\/yoast-seo-wordpress\/ -->\n<title>AR\/VR - Alascom<\/title>\n<meta name=\"robots\" content=\"index, follow, max-snippet:-1, max-image-preview:large, max-video-preview:-1\" \/>\n<link rel=\"canonical\" href=\"https:\/\/www.alascom.it\/inovacija\/ar-vr\/\" \/>\n<meta property=\"og:locale\" content=\"sr_RS\" \/>\n<meta property=\"og:type\" content=\"article\" \/>\n<meta property=\"og:title\" content=\"AR\/VR - Alascom\" \/>\n<meta property=\"og:description\" content=\"Moramo naglasiti da se pro\u0161irena stvarnost razlikuje od ve\u0107 poznate virtuelne realnosti (VR) zato \u0161to ova druga stvara 3D\u2026\" \/>\n<meta property=\"og:url\" content=\"https:\/\/www.alascom.it\/inovacija\/ar-vr\/\" \/>\n<meta property=\"og:site_name\" content=\"Alascom\" \/>\n<meta name=\"twitter:card\" content=\"summary_large_image\" \/>\n<script type=\"application\/ld+json\" class=\"yoast-schema-graph\">{\"@context\":\"https:\\\/\\\/schema.org\",\"@graph\":[{\"@type\":\"WebPage\",\"@id\":\"https:\\\/\\\/www.alascom.it\\\/inovacija\\\/ar-vr\\\/\",\"url\":\"https:\\\/\\\/www.alascom.it\\\/inovacija\\\/ar-vr\\\/\",\"name\":\"AR\\\/VR - Alascom\",\"isPartOf\":{\"@id\":\"https:\\\/\\\/www.alascom.it\\\/#website\"},\"primaryImageOfPage\":{\"@id\":\"https:\\\/\\\/www.alascom.it\\\/inovacija\\\/ar-vr\\\/#primaryimage\"},\"image\":{\"@id\":\"https:\\\/\\\/www.alascom.it\\\/inovacija\\\/ar-vr\\\/#primaryimage\"},\"thumbnailUrl\":\"https:\\\/\\\/www.alascom.it\\\/wp-content\\\/uploads\\\/2022\\\/03\\\/AR-VR.png\",\"datePublished\":\"2022-03-07T10:13:23+00:00\",\"breadcrumb\":{\"@id\":\"https:\\\/\\\/www.alascom.it\\\/inovacija\\\/ar-vr\\\/#breadcrumb\"},\"inLanguage\":\"sr-RS\",\"potentialAction\":[{\"@type\":\"ReadAction\",\"target\":[\"https:\\\/\\\/www.alascom.it\\\/inovacija\\\/ar-vr\\\/\"]}]},{\"@type\":\"ImageObject\",\"inLanguage\":\"sr-RS\",\"@id\":\"https:\\\/\\\/www.alascom.it\\\/inovacija\\\/ar-vr\\\/#primaryimage\",\"url\":\"https:\\\/\\\/www.alascom.it\\\/wp-content\\\/uploads\\\/2022\\\/03\\\/AR-VR.png\",\"contentUrl\":\"https:\\\/\\\/www.alascom.it\\\/wp-content\\\/uploads\\\/2022\\\/03\\\/AR-VR.png\",\"width\":408,\"height\":268},{\"@type\":\"BreadcrumbList\",\"@id\":\"https:\\\/\\\/www.alascom.it\\\/inovacija\\\/ar-vr\\\/#breadcrumb\",\"itemListElement\":[{\"@type\":\"ListItem\",\"position\":1,\"name\":\"Home\",\"item\":\"https:\\\/\\\/www.alascom.it\\\/\"},{\"@type\":\"ListItem\",\"position\":2,\"name\":\"Inovacija\",\"item\":\"https:\\\/\\\/www.alascom.it\\\/sr\\\/inovacija\\\/\"},{\"@type\":\"ListItem\",\"position\":3,\"name\":\"AR\\\/VR\"}]},{\"@type\":\"WebSite\",\"@id\":\"https:\\\/\\\/www.alascom.it\\\/#website\",\"url\":\"https:\\\/\\\/www.alascom.it\\\/\",\"name\":\"Alascom\",\"description\":\"\",\"potentialAction\":[{\"@type\":\"SearchAction\",\"target\":{\"@type\":\"EntryPoint\",\"urlTemplate\":\"https:\\\/\\\/www.alascom.it\\\/?s={search_term_string}\"},\"query-input\":{\"@type\":\"PropertyValueSpecification\",\"valueRequired\":true,\"valueName\":\"search_term_string\"}}],\"inLanguage\":\"sr-RS\"}]}<\/script>\n<!-- \/ Yoast SEO plugin. -->","yoast_head_json":{"title":"AR\/VR - Alascom","robots":{"index":"index","follow":"follow","max-snippet":"max-snippet:-1","max-image-preview":"max-image-preview:large","max-video-preview":"max-video-preview:-1"},"canonical":"https:\/\/www.alascom.it\/inovacija\/ar-vr\/","og_locale":"sr_RS","og_type":"article","og_title":"AR\/VR - Alascom","og_description":"Moramo naglasiti da se pro\u0161irena stvarnost razlikuje od ve\u0107 poznate virtuelne realnosti (VR) zato \u0161to ova druga stvara 3D\u2026","og_url":"https:\/\/www.alascom.it\/inovacija\/ar-vr\/","og_site_name":"Alascom","twitter_card":"summary_large_image","schema":{"@context":"https:\/\/schema.org","@graph":[{"@type":"WebPage","@id":"https:\/\/www.alascom.it\/inovacija\/ar-vr\/","url":"https:\/\/www.alascom.it\/inovacija\/ar-vr\/","name":"AR\/VR - Alascom","isPartOf":{"@id":"https:\/\/www.alascom.it\/#website"},"primaryImageOfPage":{"@id":"https:\/\/www.alascom.it\/inovacija\/ar-vr\/#primaryimage"},"image":{"@id":"https:\/\/www.alascom.it\/inovacija\/ar-vr\/#primaryimage"},"thumbnailUrl":"https:\/\/www.alascom.it\/wp-content\/uploads\/2022\/03\/AR-VR.png","datePublished":"2022-03-07T10:13:23+00:00","breadcrumb":{"@id":"https:\/\/www.alascom.it\/inovacija\/ar-vr\/#breadcrumb"},"inLanguage":"sr-RS","potentialAction":[{"@type":"ReadAction","target":["https:\/\/www.alascom.it\/inovacija\/ar-vr\/"]}]},{"@type":"ImageObject","inLanguage":"sr-RS","@id":"https:\/\/www.alascom.it\/inovacija\/ar-vr\/#primaryimage","url":"https:\/\/www.alascom.it\/wp-content\/uploads\/2022\/03\/AR-VR.png","contentUrl":"https:\/\/www.alascom.it\/wp-content\/uploads\/2022\/03\/AR-VR.png","width":408,"height":268},{"@type":"BreadcrumbList","@id":"https:\/\/www.alascom.it\/inovacija\/ar-vr\/#breadcrumb","itemListElement":[{"@type":"ListItem","position":1,"name":"Home","item":"https:\/\/www.alascom.it\/"},{"@type":"ListItem","position":2,"name":"Inovacija","item":"https:\/\/www.alascom.it\/sr\/inovacija\/"},{"@type":"ListItem","position":3,"name":"AR\/VR"}]},{"@type":"WebSite","@id":"https:\/\/www.alascom.it\/#website","url":"https:\/\/www.alascom.it\/","name":"Alascom","description":"","potentialAction":[{"@type":"SearchAction","target":{"@type":"EntryPoint","urlTemplate":"https:\/\/www.alascom.it\/?s={search_term_string}"},"query-input":{"@type":"PropertyValueSpecification","valueRequired":true,"valueName":"search_term_string"}}],"inLanguage":"sr-RS"}]}},"_links":{"self":[{"href":"https:\/\/www.alascom.it\/sr\/wp-json\/wp\/v2\/pages\/2075","targetHints":{"allow":["GET"]}}],"collection":[{"href":"https:\/\/www.alascom.it\/sr\/wp-json\/wp\/v2\/pages"}],"about":[{"href":"https:\/\/www.alascom.it\/sr\/wp-json\/wp\/v2\/types\/page"}],"author":[{"embeddable":true,"href":"https:\/\/www.alascom.it\/sr\/wp-json\/wp\/v2\/users\/1"}],"replies":[{"embeddable":true,"href":"https:\/\/www.alascom.it\/sr\/wp-json\/wp\/v2\/comments?post=2075"}],"version-history":[{"count":0,"href":"https:\/\/www.alascom.it\/sr\/wp-json\/wp\/v2\/pages\/2075\/revisions"}],"up":[{"embeddable":true,"href":"https:\/\/www.alascom.it\/sr\/wp-json\/wp\/v2\/pages\/2069"}],"wp:featuredmedia":[{"embeddable":true,"href":"https:\/\/www.alascom.it\/sr\/wp-json\/wp\/v2\/media\/1869"}],"wp:attachment":[{"href":"https:\/\/www.alascom.it\/sr\/wp-json\/wp\/v2\/media?parent=2075"}],"curies":[{"name":"wp","href":"https:\/\/api.w.org\/{rel}","templated":true}]}}